{"id":64,"date":"2024-11-02T18:50:29","date_gmt":"2024-11-02T17:50:29","guid":{"rendered":"http:\/\/localhost\/poturowka\/wordpress\/?page_id=64"},"modified":"2024-11-02T18:50:29","modified_gmt":"2024-11-02T17:50:29","slug":"kontakt","status":"publish","type":"page","link":"https:\/\/poturowka.pl\/index.php\/kontakt\/","title":{"rendered":"Kontakt"},"content":{"rendered":"\n<p>Kontakt<br>Je\u015bli zainteresowa\u0142a Pa\u0144stwa nasza oferta i szukaj\u0105 Pa\u0144stwo idealnego miejsca do wypoczynku, oto jeste\u015bmy! Zapraszamy do nas o ka\u017cdej porze roku \u2013 gwarantujemy, \u017ce to miejsce jest urokliwe zar\u00f3wno zim\u0105, jak i latem. Niezb\u0119dne dane teleadresowe znajduj\u0105 si\u0119 poni\u017cej. Ch\u0119tnie odpowiemy na ka\u017cde pytania i udzielimy informacji.<\/p>\n\n\n\n<p>59-600 Brun\u00f3w 7<\/p>\n\n\n\n<p>Tel.: 75 784 68 11, 75 784 68 15<\/p>\n\n\n\n<p><\/p>\n","protected":false},"excerpt":{"rendered":"<p>KontaktJe\u015bli zainteresowa\u0142a Pa\u0144stwa nasza oferta i szukaj\u0105 Pa\u0144stwo idealnego miejsca do wypoczynku, oto jeste\u015bmy! Zapraszamy do nas o ka\u017cdej porze roku \u2013 gwarantujemy, \u017ce to miejsce jest urokliwe zar\u00f3wno zim\u0105,&hellip; <\/p>\n","protected":false},"author":1,"featured_media":0,"parent":0,"menu_order":3,"comment_status":"closed","ping_status":"closed","template":"","meta":{"footnotes":""},"class_list":["post-64","page","type-page","status-publish","hentry"],"yoast_head":"<!-- This site is optimized with the Yoast SEO plugin v27.4 - https:\/\/yoast.com\/product\/yoast-seo-wordpress\/ -->\n<title>Kontakt - Agroturystyka Potur&oacute;wka - nocleg i camping<\/title>\n<meta name=\"robots\" content=\"index, follow, max-snippet:-1, max-image-preview:large, max-video-preview:-1\" \/>\n<link rel=\"canonical\" href=\"https:\/\/poturowka.pl\/index.php\/kontakt\/\" \/>\n<meta property=\"og:locale\" content=\"pl_PL\" \/>\n<meta property=\"og:type\" content=\"article\" \/>\n<meta property=\"og:title\" content=\"Kontakt - Agroturystyka Potur&oacute;wka - nocleg i camping\" \/>\n<meta property=\"og:description\" content=\"KontaktJe\u015bli zainteresowa\u0142a Pa\u0144stwa nasza oferta i szukaj\u0105 Pa\u0144stwo idealnego miejsca do wypoczynku, oto jeste\u015bmy! Zapraszamy do nas o ka\u017cdej porze roku \u2013 gwarantujemy, \u017ce to miejsce jest urokliwe zar\u00f3wno zim\u0105,&hellip;\" \/>\n<meta property=\"og:url\" content=\"https:\/\/poturowka.pl\/index.php\/kontakt\/\" \/>\n<meta property=\"og:site_name\" content=\"Agroturystyka Potur&oacute;wka - nocleg i camping\" \/>\n<meta name=\"twitter:card\" content=\"summary_large_image\" \/>\n<script type=\"application\/ld+json\" class=\"yoast-schema-graph\">{\"@context\":\"https:\\\/\\\/schema.org\",\"@graph\":[{\"@type\":\"WebPage\",\"@id\":\"https:\\\/\\\/poturowka.pl\\\/index.php\\\/kontakt\\\/\",\"url\":\"https:\\\/\\\/poturowka.pl\\\/index.php\\\/kontakt\\\/\",\"name\":\"Kontakt - Agroturystyka Potur&oacute;wka - nocleg i camping\",\"isPartOf\":{\"@id\":\"https:\\\/\\\/poturowka.pl\\\/#website\"},\"datePublished\":\"2024-11-02T17:50:29+00:00\",\"breadcrumb\":{\"@id\":\"https:\\\/\\\/poturowka.pl\\\/index.php\\\/kontakt\\\/#breadcrumb\"},\"inLanguage\":\"pl-PL\",\"potentialAction\":[{\"@type\":\"ReadAction\",\"target\":[\"https:\\\/\\\/poturowka.pl\\\/index.php\\\/kontakt\\\/\"]}]},{\"@type\":\"BreadcrumbList\",\"@id\":\"https:\\\/\\\/poturowka.pl\\\/index.php\\\/kontakt\\\/#breadcrumb\",\"itemListElement\":[{\"@type\":\"ListItem\",\"position\":1,\"name\":\"Strona g\u0142\u00f3wna\",\"item\":\"https:\\\/\\\/poturowka.pl\\\/\"},{\"@type\":\"ListItem\",\"position\":2,\"name\":\"Kontakt\"}]},{\"@type\":\"WebSite\",\"@id\":\"https:\\\/\\\/poturowka.pl\\\/#website\",\"url\":\"https:\\\/\\\/poturowka.pl\\\/\",\"name\":\"Agroturystyka Potur\u00f3wka - nocleg i camping\",\"description\":\"\",\"potentialAction\":[{\"@type\":\"SearchAction\",\"target\":{\"@type\":\"EntryPoint\",\"urlTemplate\":\"https:\\\/\\\/poturowka.pl\\\/?s={search_term_string}\"},\"query-input\":{\"@type\":\"PropertyValueSpecification\",\"valueRequired\":true,\"valueName\":\"search_term_string\"}}],\"inLanguage\":\"pl-PL\"}]}<\/script>\n<!-- \/ Yoast SEO plugin. -->","yoast_head_json":{"title":"Kontakt - Agroturystyka Potur&oacute;wka - nocleg i camping","robots":{"index":"index","follow":"follow","max-snippet":"max-snippet:-1","max-image-preview":"max-image-preview:large","max-video-preview":"max-video-preview:-1"},"canonical":"https:\/\/poturowka.pl\/index.php\/kontakt\/","og_locale":"pl_PL","og_type":"article","og_title":"Kontakt - Agroturystyka Potur&oacute;wka - nocleg i camping","og_description":"KontaktJe\u015bli zainteresowa\u0142a Pa\u0144stwa nasza oferta i szukaj\u0105 Pa\u0144stwo idealnego miejsca do wypoczynku, oto jeste\u015bmy! Zapraszamy do nas o ka\u017cdej porze roku \u2013 gwarantujemy, \u017ce to miejsce jest urokliwe zar\u00f3wno zim\u0105,&hellip;","og_url":"https:\/\/poturowka.pl\/index.php\/kontakt\/","og_site_name":"Agroturystyka Potur&oacute;wka - nocleg i camping","twitter_card":"summary_large_image","schema":{"@context":"https:\/\/schema.org","@graph":[{"@type":"WebPage","@id":"https:\/\/poturowka.pl\/index.php\/kontakt\/","url":"https:\/\/poturowka.pl\/index.php\/kontakt\/","name":"Kontakt - Agroturystyka Potur&oacute;wka - nocleg i camping","isPartOf":{"@id":"https:\/\/poturowka.pl\/#website"},"datePublished":"2024-11-02T17:50:29+00:00","breadcrumb":{"@id":"https:\/\/poturowka.pl\/index.php\/kontakt\/#breadcrumb"},"inLanguage":"pl-PL","potentialAction":[{"@type":"ReadAction","target":["https:\/\/poturowka.pl\/index.php\/kontakt\/"]}]},{"@type":"BreadcrumbList","@id":"https:\/\/poturowka.pl\/index.php\/kontakt\/#breadcrumb","itemListElement":[{"@type":"ListItem","position":1,"name":"Strona g\u0142\u00f3wna","item":"https:\/\/poturowka.pl\/"},{"@type":"ListItem","position":2,"name":"Kontakt"}]},{"@type":"WebSite","@id":"https:\/\/poturowka.pl\/#website","url":"https:\/\/poturowka.pl\/","name":"Agroturystyka Potur\u00f3wka - nocleg i camping","description":"","potentialAction":[{"@type":"SearchAction","target":{"@type":"EntryPoint","urlTemplate":"https:\/\/poturowka.pl\/?s={search_term_string}"},"query-input":{"@type":"PropertyValueSpecification","valueRequired":true,"valueName":"search_term_string"}}],"inLanguage":"pl-PL"}]}},"_links":{"self":[{"href":"https:\/\/poturowka.pl\/index.php\/wp-json\/wp\/v2\/pages\/64","targetHints":{"allow":["GET"]}}],"collection":[{"href":"https:\/\/poturowka.pl\/index.php\/wp-json\/wp\/v2\/pages"}],"about":[{"href":"https:\/\/poturowka.pl\/index.php\/wp-json\/wp\/v2\/types\/page"}],"author":[{"embeddable":true,"href":"https:\/\/poturowka.pl\/index.php\/wp-json\/wp\/v2\/users\/1"}],"replies":[{"embeddable":true,"href":"https:\/\/poturowka.pl\/index.php\/wp-json\/wp\/v2\/comments?post=64"}],"version-history":[{"count":0,"href":"https:\/\/poturowka.pl\/index.php\/wp-json\/wp\/v2\/pages\/64\/revisions"}],"wp:attachment":[{"href":"https:\/\/poturowka.pl\/index.php\/wp-json\/wp\/v2\/media?parent=64"}],"curies":[{"name":"wp","href":"https:\/\/api.w.org\/{rel}","templated":true}]}}