{"id":62,"date":"2024-11-02T18:46:09","date_gmt":"2024-11-02T17:46:09","guid":{"rendered":"http:\/\/localhost\/poturowka\/wordpress\/?page_id=62"},"modified":"2024-11-02T18:46:09","modified_gmt":"2024-11-02T17:46:09","slug":"oferta","status":"publish","type":"page","link":"https:\/\/poturowka.pl\/index.php\/oferta\/","title":{"rendered":"Oferta"},"content":{"rendered":"\n<p>Do dyspozycji naszych Go\u015bci oddajemy komfortowo wyposa\u017cone pokoje noclegowe w atrakcyjnych cenach. Dla lubi\u0105cych kontakt z natur\u0105 oferujemy nocleg na naszym polu kempingowym. W odleg\u0142o\u015bci 6 km znajduje si\u0119 restauracja, kt\u00f3ra umo\u017cliwia wypo\u017cyczanie rowerk\u00f3w wodnych i kajak\u00f3w. Agroturystyka, to nasza pasja i cieszymy si\u0119, \u017ce mo\u017cemy dzieli\u0107 si\u0119 ni\u0105 z naszymi Go\u015b\u0107mi.<\/p>\n\n\n\n<hr class=\"wp-block-separator has-alpha-channel-opacity\"\/>\n\n\n\n<h2 class=\"wp-block-heading\">Nasza oferta cenowa:<\/h2>\n\n\n\n<p>Ceny za nocleg ju\u017c od 50 z\u0142 za dob\u0119.<\/p>\n\n\n\n<h2 class=\"wp-block-heading\">Do dyspozycji Go\u015bci oddajemy 5 pokoi:<\/h2>\n\n\n\n<ul class=\"wp-block-list\">\n<li>1 pok\u00f3j 4 os &#8211; dwa \u0142\u00f3\u017cka + kanapa<\/li>\n\n\n\n<li>3 sypialnie \u2013 jeden pok\u00f3j z dodatkowym \u0142\u00f3\u017ckiem, np. dla dziecka<\/li>\n\n\n\n<li>1 pok\u00f3j &#8211; 2 os. Dwa osobne \u0142\u00f3\u017cka + kanapa<\/li>\n\n\n\n<li>Dla 4 pokoi 2 \u0142azienki<\/li>\n\n\n\n<li>2 pokoje z \u0142azienk\u0105<\/li>\n\n\n\n<li>Na terenie o\u015brodka znajduj\u0105 si\u0119 dwa zadaszone miejsca do grillowania.<\/li>\n<\/ul>\n\n\n\n<hr class=\"wp-block-separator has-alpha-channel-opacity\"\/>\n\n\n\n<p>Ponadto, posiadamy pole kempingowe, a op\u0142ata za osob\u0119 wynosi 20z\u0142. Za namiot pobierana jest op\u0142ata w wysoko\u015bci 10z\u0142, niezale\u017cnie od tego ile os\u00f3b \u015bpi w jednym namiocie. Pole kempingowe jest o\u015bwietlone i na jego terenie znajduj\u0105 si\u0119 prysznice dla Go\u015bci. Mo\u017cliwo\u015b\u0107 parkowania w\u0142asnym kamperem &#8211; cena 25z\u0142 za kamper.<\/p>\n\n\n\n<p>Ponadto na kempingu jest dopuszczony pobyt z psem &#8211; 5z\u0142 za psa.<\/p>\n","protected":false},"excerpt":{"rendered":"<p>Do dyspozycji naszych Go\u015bci oddajemy komfortowo wyposa\u017cone pokoje noclegowe w atrakcyjnych cenach. Dla lubi\u0105cych kontakt z natur\u0105 oferujemy nocleg na naszym polu kempingowym. W odleg\u0142o\u015bci 6 km znajduje si\u0119 restauracja,&hellip; <\/p>\n","protected":false},"author":1,"featured_media":0,"parent":0,"menu_order":1,"comment_status":"closed","ping_status":"closed","template":"","meta":{"footnotes":""},"class_list":["post-62","page","type-page","status-publish","hentry"],"yoast_head":"<!-- This site is optimized with the Yoast SEO plugin v27.4 - https:\/\/yoast.com\/product\/yoast-seo-wordpress\/ -->\n<title>Oferta - Agroturystyka Potur&oacute;wka - nocleg i camping<\/title>\n<meta name=\"robots\" content=\"index, follow, max-snippet:-1, max-image-preview:large, max-video-preview:-1\" \/>\n<link rel=\"canonical\" href=\"https:\/\/poturowka.pl\/index.php\/oferta\/\" \/>\n<meta property=\"og:locale\" content=\"pl_PL\" \/>\n<meta property=\"og:type\" content=\"article\" \/>\n<meta property=\"og:title\" content=\"Oferta - Agroturystyka Potur&oacute;wka - nocleg i camping\" \/>\n<meta property=\"og:description\" content=\"Do dyspozycji naszych Go\u015bci oddajemy komfortowo wyposa\u017cone pokoje noclegowe w atrakcyjnych cenach. Dla lubi\u0105cych kontakt z natur\u0105 oferujemy nocleg na naszym polu kempingowym. W odleg\u0142o\u015bci 6 km znajduje si\u0119 restauracja,&hellip;\" \/>\n<meta property=\"og:url\" content=\"https:\/\/poturowka.pl\/index.php\/oferta\/\" \/>\n<meta property=\"og:site_name\" content=\"Agroturystyka Potur&oacute;wka - nocleg i camping\" \/>\n<meta name=\"twitter:card\" content=\"summary_large_image\" \/>\n<meta name=\"twitter:label1\" content=\"Szacowany czas czytania\" \/>\n\t<meta name=\"twitter:data1\" content=\"1 minuta\" \/>\n<script type=\"application\/ld+json\" class=\"yoast-schema-graph\">{\"@context\":\"https:\\\/\\\/schema.org\",\"@graph\":[{\"@type\":\"WebPage\",\"@id\":\"https:\\\/\\\/poturowka.pl\\\/index.php\\\/oferta\\\/\",\"url\":\"https:\\\/\\\/poturowka.pl\\\/index.php\\\/oferta\\\/\",\"name\":\"Oferta - Agroturystyka Potur&oacute;wka - nocleg i camping\",\"isPartOf\":{\"@id\":\"https:\\\/\\\/poturowka.pl\\\/#website\"},\"datePublished\":\"2024-11-02T17:46:09+00:00\",\"breadcrumb\":{\"@id\":\"https:\\\/\\\/poturowka.pl\\\/index.php\\\/oferta\\\/#breadcrumb\"},\"inLanguage\":\"pl-PL\",\"potentialAction\":[{\"@type\":\"ReadAction\",\"target\":[\"https:\\\/\\\/poturowka.pl\\\/index.php\\\/oferta\\\/\"]}]},{\"@type\":\"BreadcrumbList\",\"@id\":\"https:\\\/\\\/poturowka.pl\\\/index.php\\\/oferta\\\/#breadcrumb\",\"itemListElement\":[{\"@type\":\"ListItem\",\"position\":1,\"name\":\"Strona g\u0142\u00f3wna\",\"item\":\"https:\\\/\\\/poturowka.pl\\\/\"},{\"@type\":\"ListItem\",\"position\":2,\"name\":\"Oferta\"}]},{\"@type\":\"WebSite\",\"@id\":\"https:\\\/\\\/poturowka.pl\\\/#website\",\"url\":\"https:\\\/\\\/poturowka.pl\\\/\",\"name\":\"Agroturystyka Potur\u00f3wka - nocleg i camping\",\"description\":\"\",\"potentialAction\":[{\"@type\":\"SearchAction\",\"target\":{\"@type\":\"EntryPoint\",\"urlTemplate\":\"https:\\\/\\\/poturowka.pl\\\/?s={search_term_string}\"},\"query-input\":{\"@type\":\"PropertyValueSpecification\",\"valueRequired\":true,\"valueName\":\"search_term_string\"}}],\"inLanguage\":\"pl-PL\"}]}<\/script>\n<!-- \/ Yoast SEO plugin. -->","yoast_head_json":{"title":"Oferta - Agroturystyka Potur&oacute;wka - nocleg i camping","robots":{"index":"index","follow":"follow","max-snippet":"max-snippet:-1","max-image-preview":"max-image-preview:large","max-video-preview":"max-video-preview:-1"},"canonical":"https:\/\/poturowka.pl\/index.php\/oferta\/","og_locale":"pl_PL","og_type":"article","og_title":"Oferta - Agroturystyka Potur&oacute;wka - nocleg i camping","og_description":"Do dyspozycji naszych Go\u015bci oddajemy komfortowo wyposa\u017cone pokoje noclegowe w atrakcyjnych cenach. Dla lubi\u0105cych kontakt z natur\u0105 oferujemy nocleg na naszym polu kempingowym. W odleg\u0142o\u015bci 6 km znajduje si\u0119 restauracja,&hellip;","og_url":"https:\/\/poturowka.pl\/index.php\/oferta\/","og_site_name":"Agroturystyka Potur&oacute;wka - nocleg i camping","twitter_card":"summary_large_image","twitter_misc":{"Szacowany czas czytania":"1 minuta"},"schema":{"@context":"https:\/\/schema.org","@graph":[{"@type":"WebPage","@id":"https:\/\/poturowka.pl\/index.php\/oferta\/","url":"https:\/\/poturowka.pl\/index.php\/oferta\/","name":"Oferta - Agroturystyka Potur&oacute;wka - nocleg i camping","isPartOf":{"@id":"https:\/\/poturowka.pl\/#website"},"datePublished":"2024-11-02T17:46:09+00:00","breadcrumb":{"@id":"https:\/\/poturowka.pl\/index.php\/oferta\/#breadcrumb"},"inLanguage":"pl-PL","potentialAction":[{"@type":"ReadAction","target":["https:\/\/poturowka.pl\/index.php\/oferta\/"]}]},{"@type":"BreadcrumbList","@id":"https:\/\/poturowka.pl\/index.php\/oferta\/#breadcrumb","itemListElement":[{"@type":"ListItem","position":1,"name":"Strona g\u0142\u00f3wna","item":"https:\/\/poturowka.pl\/"},{"@type":"ListItem","position":2,"name":"Oferta"}]},{"@type":"WebSite","@id":"https:\/\/poturowka.pl\/#website","url":"https:\/\/poturowka.pl\/","name":"Agroturystyka Potur\u00f3wka - nocleg i camping","description":"","potentialAction":[{"@type":"SearchAction","target":{"@type":"EntryPoint","urlTemplate":"https:\/\/poturowka.pl\/?s={search_term_string}"},"query-input":{"@type":"PropertyValueSpecification","valueRequired":true,"valueName":"search_term_string"}}],"inLanguage":"pl-PL"}]}},"_links":{"self":[{"href":"https:\/\/poturowka.pl\/index.php\/wp-json\/wp\/v2\/pages\/62","targetHints":{"allow":["GET"]}}],"collection":[{"href":"https:\/\/poturowka.pl\/index.php\/wp-json\/wp\/v2\/pages"}],"about":[{"href":"https:\/\/poturowka.pl\/index.php\/wp-json\/wp\/v2\/types\/page"}],"author":[{"embeddable":true,"href":"https:\/\/poturowka.pl\/index.php\/wp-json\/wp\/v2\/users\/1"}],"replies":[{"embeddable":true,"href":"https:\/\/poturowka.pl\/index.php\/wp-json\/wp\/v2\/comments?post=62"}],"version-history":[{"count":0,"href":"https:\/\/poturowka.pl\/index.php\/wp-json\/wp\/v2\/pages\/62\/revisions"}],"wp:attachment":[{"href":"https:\/\/poturowka.pl\/index.php\/wp-json\/wp\/v2\/media?parent=62"}],"curies":[{"name":"wp","href":"https:\/\/api.w.org\/{rel}","templated":true}]}}